{"id":579,"date":"2022-10-10T12:35:18","date_gmt":"2022-10-10T15:35:18","guid":{"rendered":"https:\/\/metaltork.com.br\/novo\/?page_id=579"},"modified":"2022-10-10T13:38:17","modified_gmt":"2022-10-10T16:38:17","slug":"setores","status":"publish","type":"page","link":"https:\/\/metaltork.com.br\/novo\/setores\/","title":{"rendered":"Setores"},"content":{"rendered":"\t\t<div data-elementor-type=\"wp-page\" data-elementor-id=\"579\" class=\"elementor elementor-579\">\n\t\t\t\t\t\t<section class=\"elementor-section elementor-top-section elementor-element elementor-element-bffc183 elementor-section-height-min-height elementor-section-boxed elementor-section-height-default elementor-section-items-middle\" data-id=\"bffc183\" data-element_type=\"section\" data-settings=\"{&quot;background_background&quot;:&quot;classic&quot;}\">\n\t\t\t\t\t\t<div class=\"elementor-container elementor-column-gap-default\">\n\t\t\t\t\t<div class=\"elementor-column elementor-col-100 elementor-top-column elementor-element elementor-element-fe52292\" data-id=\"fe52292\" data-element_type=\"column\">\n\t\t\t<div class=\"elementor-widget-wrap elementor-element-populated\">\n\t\t\t\t\t\t<div class=\"elementor-element elementor-element-d50c432 elementor-widget elementor-widget-heading\" data-id=\"d50c432\" data-element_type=\"widget\" data-widget_type=\"heading.default\">\n\t\t\t\t<div class=\"elementor-widget-container\">\n\t\t\t\t\t<h3 class=\"elementor-heading-title elementor-size-default\">Setores atendidos<\/h3>\t\t\t\t<\/div>\n\t\t\t\t<\/div>\n\t\t\t\t\t<\/div>\n\t\t<\/div>\n\t\t\t\t\t<\/div>\n\t\t<\/section>\n\t\t\t\t<section class=\"elementor-section elementor-top-section elementor-element elementor-element-c8785ce elementor-section-boxed elementor-section-height-default elementor-section-height-default\" data-id=\"c8785ce\" data-element_type=\"section\">\n\t\t\t\t\t\t<div class=\"elementor-container elementor-column-gap-default\">\n\t\t\t\t\t<div class=\"elementor-column elementor-col-100 elementor-top-column elementor-element elementor-element-50ea5b07\" data-id=\"50ea5b07\" data-element_type=\"column\">\n\t\t\t<div class=\"elementor-widget-wrap elementor-element-populated\">\n\t\t\t\t\t\t<div class=\"elementor-element elementor-element-58590cad elementor-widget elementor-widget-heading\" data-id=\"58590cad\" data-element_type=\"widget\" data-widget_type=\"heading.default\">\n\t\t\t\t<div class=\"elementor-widget-container\">\n\t\t\t\t\t<h2 class=\"elementor-heading-title elementor-size-default\">\u00e1reas de atua\u00e7\u00e3o<\/h2>\t\t\t\t<\/div>\n\t\t\t\t<\/div>\n\t\t\t\t<div class=\"elementor-element elementor-element-64529de9 elementor-widget elementor-widget-elementskit-heading\" data-id=\"64529de9\" data-element_type=\"widget\" data-widget_type=\"elementskit-heading.default\">\n\t\t\t\t<div class=\"elementor-widget-container\">\n\t\t\t\t\t<div class=\"ekit-wid-con\" ><div class=\"ekit-heading elementskit-section-title-wraper text_center   ekit_heading_tablet-   ekit_heading_mobile-\"><h3 class=\"ekit-heading--title elementskit-section-title \">Produtos para <span><span>aplica\u00e7\u00e3o cr\u00edtica<\/span><\/span> <br>em diversos segmentos<\/h3><\/div><\/div>\t\t\t\t<\/div>\n\t\t\t\t<\/div>\n\t\t\t\t<div class=\"elementor-element elementor-element-60e0ca2c elementor-widget elementor-widget-text-editor\" data-id=\"60e0ca2c\" data-element_type=\"widget\" data-widget_type=\"text-editor.default\">\n\t\t\t\t<div class=\"elementor-widget-container\">\n\t\t\t\t\t\t\t\t\t<p class=\"p1\">A Metaltork \u00e9 reconhecida como um dos principais fabricantes de parafusos e pe\u00e7as especiais de fixa\u00e7\u00e3o para aplica\u00e7\u00e3o cr\u00edtica em diversos segmentos.\u00a0<\/p>\t\t\t\t\t\t\t\t<\/div>\n\t\t\t\t<\/div>\n\t\t\t\t<section class=\"elementor-section elementor-inner-section elementor-element elementor-element-5dbffd64 elementor-section-boxed elementor-section-height-default elementor-section-height-default\" data-id=\"5dbffd64\" data-element_type=\"section\">\n\t\t\t\t\t\t<div class=\"elementor-container elementor-column-gap-default\">\n\t\t\t\t\t<div class=\"elementor-column elementor-col-33 elementor-inner-column elementor-element elementor-element-3771b16d\" data-id=\"3771b16d\" data-element_type=\"column\">\n\t\t\t<div class=\"elementor-widget-wrap elementor-element-populated\">\n\t\t\t\t\t\t<div class=\"elementor-element elementor-element-32590a1d elementor-widget elementor-widget-elementskit-team\" data-id=\"32590a1d\" data-element_type=\"widget\" data-widget_type=\"elementskit-team.default\">\n\t\t\t\t<div class=\"elementor-widget-container\">\n\t\t\t\t\t<div class=\"ekit-wid-con\">\n\t\t\t\t\t\t\t\t\t\t\t\t\t\t\t\t\t\t\t\t\t\t\t\t<div class=\"profile-image-card elementor-animation- ekit-team-img ekit-team-style-overlay text-center\">\n\n\t\t\t\t\t\t\t\t\t\t\t\t\t<img fetchpriority=\"high\" decoding=\"async\" width=\"415\" height=\"415\" src=\"https:\/\/metaltork.com.br\/novo\/wp-content\/uploads\/2022\/10\/mineracao.jpg\" class=\"attachment-full size-full wp-image-598\" alt=\"\" srcset=\"https:\/\/metaltork.com.br\/novo\/wp-content\/uploads\/2022\/10\/mineracao.jpg 415w, https:\/\/metaltork.com.br\/novo\/wp-content\/uploads\/2022\/10\/mineracao-300x300.jpg 300w, https:\/\/metaltork.com.br\/novo\/wp-content\/uploads\/2022\/10\/mineracao-150x150.jpg 150w\" sizes=\"(max-width: 415px) 100vw, 415px\" \/>\t\t\t\t\t\t\t\t\t\t\t\t<div class=\"hover-area\">\n\t\t\t\t\t\t\t<div class=\"profile-body\">\n\t\t\t\t\t\t\t\t<h2 class=\"profile-title\">\n\t\t\t\t\t\t\t\t\t\t\t\t\t\t\t\t\tLinha completa para\t\t\t\t\t\t\t\t\t\t\t\t\t\t\t\t<\/h2>\n\t\t\t\t\t\t\t\t<p class=\"profile-designation\">Setor de Minera\u00e7\u00e3o<\/p>\n\t\t\t\t\t\t\t\t\t\t\t\t\t\t\t<\/div>\n\t\t\t\t\t\t\t\t\t\t\t\t\t<\/div>\n\t\t\t\t\t<\/div>\n\t\t\t\t\t\n\t\t\t\t\n\t\t\t\t<\/div>\t\t\t\t<\/div>\n\t\t\t\t<\/div>\n\t\t\t\t<div class=\"elementor-element elementor-element-5118a444 elementor-widget elementor-widget-elementskit-team\" data-id=\"5118a444\" data-element_type=\"widget\" data-widget_type=\"elementskit-team.default\">\n\t\t\t\t<div class=\"elementor-widget-container\">\n\t\t\t\t\t<div class=\"ekit-wid-con\">\n\t\t\t\t\t\t\t\t\t\t\t\t\t\t\t\t\t\t\t\t\t\t\t\t<div class=\"profile-image-card elementor-animation- ekit-team-img ekit-team-style-overlay text-center\">\n\n\t\t\t\t\t\t\t\t\t\t\t\t\t<img decoding=\"async\" width=\"415\" height=\"255\" src=\"https:\/\/metaltork.com.br\/novo\/wp-content\/uploads\/2022\/10\/agricola.jpg\" class=\"attachment-full size-full wp-image-594\" alt=\"\" srcset=\"https:\/\/metaltork.com.br\/novo\/wp-content\/uploads\/2022\/10\/agricola.jpg 415w, https:\/\/metaltork.com.br\/novo\/wp-content\/uploads\/2022\/10\/agricola-300x184.jpg 300w\" sizes=\"(max-width: 415px) 100vw, 415px\" \/>\t\t\t\t\t\t\t\t\t\t\t\t<div class=\"hover-area\">\n\t\t\t\t\t\t\t<div class=\"profile-body\">\n\t\t\t\t\t\t\t\t<h2 class=\"profile-title\">\n\t\t\t\t\t\t\t\t\t\t\t\t\t\t\t\t\tLinha completa para\t\t\t\t\t\t\t\t\t\t\t\t\t\t\t\t<\/h2>\n\t\t\t\t\t\t\t\t<p class=\"profile-designation\">Agropecu\u00e1rio<\/p>\n\t\t\t\t\t\t\t\t\t\t\t\t\t\t\t<\/div>\n\t\t\t\t\t\t\t\t\t\t\t\t\t<\/div>\n\t\t\t\t\t<\/div>\n\t\t\t\t\t\n\t\t\t\t\n\t\t\t\t<\/div>\t\t\t\t<\/div>\n\t\t\t\t<\/div>\n\t\t\t\t<div class=\"elementor-element elementor-element-ee7aebf elementor-widget elementor-widget-elementskit-team\" data-id=\"ee7aebf\" data-element_type=\"widget\" data-widget_type=\"elementskit-team.default\">\n\t\t\t\t<div class=\"elementor-widget-container\">\n\t\t\t\t\t<div class=\"ekit-wid-con\">\n\t\t\t\t\t\t\t\t\t\t\t\t\t\t\t\t\t\t\t\t\t\t\t\t<div class=\"profile-image-card elementor-animation- ekit-team-img ekit-team-style-overlay text-center\">\n\n\t\t\t\t\t\t\t\t\t\t\t\t\t<img decoding=\"async\" width=\"415\" height=\"252\" src=\"https:\/\/metaltork.com.br\/novo\/wp-content\/uploads\/2022\/10\/industria.jpg\" class=\"attachment-full size-full wp-image-601\" alt=\"\" srcset=\"https:\/\/metaltork.com.br\/novo\/wp-content\/uploads\/2022\/10\/industria.jpg 415w, https:\/\/metaltork.com.br\/novo\/wp-content\/uploads\/2022\/10\/industria-300x182.jpg 300w\" sizes=\"(max-width: 415px) 100vw, 415px\" \/>\t\t\t\t\t\t\t\t\t\t\t\t<div class=\"hover-area\">\n\t\t\t\t\t\t\t<div class=\"profile-body\">\n\t\t\t\t\t\t\t\t<h2 class=\"profile-title\">\n\t\t\t\t\t\t\t\t\t\t\t\t\t\t\t\t\tLinha completa para\t\t\t\t\t\t\t\t\t\t\t\t\t\t\t\t<\/h2>\n\t\t\t\t\t\t\t\t<p class=\"profile-designation\">Ind\u00fastria em Geral<\/p>\n\t\t\t\t\t\t\t\t\t\t\t\t\t\t\t<\/div>\n\t\t\t\t\t\t\t\t\t\t\t\t\t<\/div>\n\t\t\t\t\t<\/div>\n\t\t\t\t\t\n\t\t\t\t\n\t\t\t\t<\/div>\t\t\t\t<\/div>\n\t\t\t\t<\/div>\n\t\t\t\t\t<\/div>\n\t\t<\/div>\n\t\t\t\t<div class=\"elementor-column elementor-col-33 elementor-inner-column elementor-element elementor-element-686ae06d\" data-id=\"686ae06d\" data-element_type=\"column\">\n\t\t\t<div class=\"elementor-widget-wrap elementor-element-populated\">\n\t\t\t\t\t\t<div class=\"elementor-element elementor-element-219668f0 elementor-widget elementor-widget-elementskit-team\" data-id=\"219668f0\" data-element_type=\"widget\" data-widget_type=\"elementskit-team.default\">\n\t\t\t\t<div class=\"elementor-widget-container\">\n\t\t\t\t\t<div class=\"ekit-wid-con\">\n\t\t\t\t\t\t\t\t\t\t\t\t\t\t\t\t\t\t\t\t\t\t\t\t<div class=\"profile-image-card elementor-animation- ekit-team-img ekit-team-style-overlay text-center\">\n\n\t\t\t\t\t\t\t\t\t\t\t\t\t<img loading=\"lazy\" decoding=\"async\" width=\"415\" height=\"290\" src=\"https:\/\/metaltork.com.br\/novo\/wp-content\/uploads\/2022\/10\/onibus.jpg\" class=\"attachment-full size-full wp-image-599\" alt=\"\" srcset=\"https:\/\/metaltork.com.br\/novo\/wp-content\/uploads\/2022\/10\/onibus.jpg 415w, https:\/\/metaltork.com.br\/novo\/wp-content\/uploads\/2022\/10\/onibus-300x210.jpg 300w\" sizes=\"(max-width: 415px) 100vw, 415px\" \/>\t\t\t\t\t\t\t\t\t\t\t\t<div class=\"hover-area\">\n\t\t\t\t\t\t\t<div class=\"profile-body\">\n\t\t\t\t\t\t\t\t<h2 class=\"profile-title\">\n\t\t\t\t\t\t\t\t\t\t\t\t\t\t\t\t\tLinha completa para\t\t\t\t\t\t\t\t\t\t\t\t\t\t\t\t<\/h2>\n\t\t\t\t\t\t\t\t<p class=\"profile-designation\">\u00d4nibus e Caminh\u00f5es<\/p>\n\t\t\t\t\t\t\t\t\t\t\t\t\t\t\t<\/div>\n\t\t\t\t\t\t\t\t\t\t\t\t\t<\/div>\n\t\t\t\t\t<\/div>\n\t\t\t\t\t\n\t\t\t\t\n\t\t\t\t<\/div>\t\t\t\t<\/div>\n\t\t\t\t<\/div>\n\t\t\t\t<div class=\"elementor-element elementor-element-ca73d16 elementor-widget elementor-widget-elementskit-team\" data-id=\"ca73d16\" data-element_type=\"widget\" data-widget_type=\"elementskit-team.default\">\n\t\t\t\t<div class=\"elementor-widget-container\">\n\t\t\t\t\t<div class=\"ekit-wid-con\">\n\t\t\t\t\t\t\t\t\t\t\t\t\t\t\t\t\t\t\t\t\t\t\t\t<div class=\"profile-image-card elementor-animation- ekit-team-img ekit-team-style-overlay text-center\">\n\n\t\t\t\t\t\t\t\t\t\t\t\t\t<img loading=\"lazy\" decoding=\"async\" width=\"415\" height=\"351\" src=\"https:\/\/metaltork.com.br\/novo\/wp-content\/uploads\/2022\/10\/petroleo.jpg\" class=\"attachment-full size-full wp-image-600\" alt=\"\" srcset=\"https:\/\/metaltork.com.br\/novo\/wp-content\/uploads\/2022\/10\/petroleo.jpg 415w, https:\/\/metaltork.com.br\/novo\/wp-content\/uploads\/2022\/10\/petroleo-300x254.jpg 300w\" sizes=\"(max-width: 415px) 100vw, 415px\" \/>\t\t\t\t\t\t\t\t\t\t\t\t<div class=\"hover-area\">\n\t\t\t\t\t\t\t<div class=\"profile-body\">\n\t\t\t\t\t\t\t\t<h2 class=\"profile-title\">\n\t\t\t\t\t\t\t\t\t\t\t\t\t\t\t\t\tLinha completa para\t\t\t\t\t\t\t\t\t\t\t\t\t\t\t\t<\/h2>\n\t\t\t\t\t\t\t\t<p class=\"profile-designation\">\u00d3leo e G\u00e1s<\/p>\n\t\t\t\t\t\t\t\t\t\t\t\t\t\t\t<\/div>\n\t\t\t\t\t\t\t\t\t\t\t\t\t<\/div>\n\t\t\t\t\t<\/div>\n\t\t\t\t\t\n\t\t\t\t\n\t\t\t\t<\/div>\t\t\t\t<\/div>\n\t\t\t\t<\/div>\n\t\t\t\t<div class=\"elementor-element elementor-element-29cafc7 elementor-widget elementor-widget-elementskit-team\" data-id=\"29cafc7\" data-element_type=\"widget\" data-widget_type=\"elementskit-team.default\">\n\t\t\t\t<div class=\"elementor-widget-container\">\n\t\t\t\t\t<div class=\"ekit-wid-con\">\n\t\t\t\t\t\t\t\t\t\t\t\t\t\t\t\t\t\t\t\t\t\t\t\t<div class=\"profile-image-card elementor-animation- ekit-team-img ekit-team-style-overlay text-center\">\n\n\t\t\t\t\t\t\t\t\t\t\t\t\t<img loading=\"lazy\" decoding=\"async\" width=\"415\" height=\"290\" src=\"https:\/\/metaltork.com.br\/novo\/wp-content\/uploads\/2022\/10\/automotivo.jpg\" class=\"attachment-full size-full wp-image-595\" alt=\"\" srcset=\"https:\/\/metaltork.com.br\/novo\/wp-content\/uploads\/2022\/10\/automotivo.jpg 415w, https:\/\/metaltork.com.br\/novo\/wp-content\/uploads\/2022\/10\/automotivo-300x210.jpg 300w\" sizes=\"(max-width: 415px) 100vw, 415px\" \/>\t\t\t\t\t\t\t\t\t\t\t\t<div class=\"hover-area\">\n\t\t\t\t\t\t\t<div class=\"profile-body\">\n\t\t\t\t\t\t\t\t<h2 class=\"profile-title\">\n\t\t\t\t\t\t\t\t\t\t\t\t\t\t\t\t\tLinha completa para\t\t\t\t\t\t\t\t\t\t\t\t\t\t\t\t<\/h2>\n\t\t\t\t\t\t\t\t<p class=\"profile-designation\">Automobil\u00edstico <\/p>\n\t\t\t\t\t\t\t\t\t\t\t\t\t\t\t<\/div>\n\t\t\t\t\t\t\t\t\t\t\t\t\t<\/div>\n\t\t\t\t\t<\/div>\n\t\t\t\t\t\n\t\t\t\t\n\t\t\t\t<\/div>\t\t\t\t<\/div>\n\t\t\t\t<\/div>\n\t\t\t\t\t<\/div>\n\t\t<\/div>\n\t\t\t\t<div class=\"elementor-column elementor-col-33 elementor-inner-column elementor-element elementor-element-99f8fdd\" data-id=\"99f8fdd\" data-element_type=\"column\">\n\t\t\t<div class=\"elementor-widget-wrap elementor-element-populated\">\n\t\t\t\t\t\t<div class=\"elementor-element elementor-element-4ee4a9a8 elementor-widget elementor-widget-elementskit-team\" data-id=\"4ee4a9a8\" data-element_type=\"widget\" data-widget_type=\"elementskit-team.default\">\n\t\t\t\t<div class=\"elementor-widget-container\">\n\t\t\t\t\t<div class=\"ekit-wid-con\">\n\t\t\t\t\t\t\t\t\t\t\t\t\t\t\t\t\t\t\t\t\t\t\t\t<div class=\"profile-image-card elementor-animation- ekit-team-img ekit-team-style-overlay text-center\">\n\n\t\t\t\t\t\t\t\t\t\t\t\t\t<img loading=\"lazy\" decoding=\"async\" width=\"415\" height=\"415\" src=\"https:\/\/metaltork.com.br\/novo\/wp-content\/uploads\/2022\/10\/metro.jpg\" class=\"attachment-full size-full wp-image-597\" alt=\"\" srcset=\"https:\/\/metaltork.com.br\/novo\/wp-content\/uploads\/2022\/10\/metro.jpg 415w, https:\/\/metaltork.com.br\/novo\/wp-content\/uploads\/2022\/10\/metro-300x300.jpg 300w, https:\/\/metaltork.com.br\/novo\/wp-content\/uploads\/2022\/10\/metro-150x150.jpg 150w\" sizes=\"(max-width: 415px) 100vw, 415px\" \/>\t\t\t\t\t\t\t\t\t\t\t\t<div class=\"hover-area\">\n\t\t\t\t\t\t\t<div class=\"profile-body\">\n\t\t\t\t\t\t\t\t<h2 class=\"profile-title\">\n\t\t\t\t\t\t\t\t\t\t\t\t\t\t\t\t\tLinha completa para\t\t\t\t\t\t\t\t\t\t\t\t\t\t\t\t<\/h2>\n\t\t\t\t\t\t\t\t<p class=\"profile-designation\">Setor de Transporte<\/p>\n\t\t\t\t\t\t\t\t\t\t\t\t\t\t\t<\/div>\n\t\t\t\t\t\t\t\t\t\t\t\t\t<\/div>\n\t\t\t\t\t<\/div>\n\t\t\t\t\t\n\t\t\t\t\n\t\t\t\t<\/div>\t\t\t\t<\/div>\n\t\t\t\t<\/div>\n\t\t\t\t<div class=\"elementor-element elementor-element-23b56b8 elementor-widget elementor-widget-elementskit-team\" data-id=\"23b56b8\" data-element_type=\"widget\" data-widget_type=\"elementskit-team.default\">\n\t\t\t\t<div class=\"elementor-widget-container\">\n\t\t\t\t\t<div class=\"ekit-wid-con\">\n\t\t\t\t\t\t\t\t\t\t\t\t\t\t\t\t\t\t\t\t\t\t\t\t<div class=\"profile-image-card elementor-animation- ekit-team-img ekit-team-style-overlay text-center\">\n\n\t\t\t\t\t\t\t\t\t\t\t\t\t<img loading=\"lazy\" decoding=\"async\" width=\"415\" height=\"533\" src=\"https:\/\/metaltork.com.br\/novo\/wp-content\/uploads\/2022\/10\/eolico.jpg\" class=\"attachment-full size-full wp-image-596\" alt=\"\" srcset=\"https:\/\/metaltork.com.br\/novo\/wp-content\/uploads\/2022\/10\/eolico.jpg 415w, https:\/\/metaltork.com.br\/novo\/wp-content\/uploads\/2022\/10\/eolico-234x300.jpg 234w\" sizes=\"(max-width: 415px) 100vw, 415px\" \/>\t\t\t\t\t\t\t\t\t\t\t\t<div class=\"hover-area\">\n\t\t\t\t\t\t\t<div class=\"profile-body\">\n\t\t\t\t\t\t\t\t<h2 class=\"profile-title\">\n\t\t\t\t\t\t\t\t\t\t\t\t\t\t\t\t\tLinha completa para\t\t\t\t\t\t\t\t\t\t\t\t\t\t\t\t<\/h2>\n\t\t\t\t\t\t\t\t<p class=\"profile-designation\">Setor E\u00f3lico<\/p>\n\t\t\t\t\t\t\t\t\t\t\t\t\t\t\t<\/div>\n\t\t\t\t\t\t\t\t\t\t\t\t\t<\/div>\n\t\t\t\t\t<\/div>\n\t\t\t\t\t\n\t\t\t\t\n\t\t\t\t<\/div>\t\t\t\t<\/div>\n\t\t\t\t<\/div>\n\t\t\t\t\t<\/div>\n\t\t<\/div>\n\t\t\t\t\t<\/div>\n\t\t<\/section>\n\t\t\t\t\t<\/div>\n\t\t<\/div>\n\t\t\t\t\t<\/div>\n\t\t<\/section>\n\t\t\t\t<section class=\"elementor-section elementor-top-section elementor-element elementor-element-3e21fd1 elementor-hidden-mobile elementor-section-boxed elementor-section-height-default elementor-section-height-default\" data-id=\"3e21fd1\" data-element_type=\"section\">\n\t\t\t\t\t\t<div class=\"elementor-container elementor-column-gap-no\">\n\t\t\t\t\t<div class=\"elementor-column elementor-col-100 elementor-top-column elementor-element elementor-element-b0c6f4b\" data-id=\"b0c6f4b\" data-element_type=\"column\" data-settings=\"{&quot;background_background&quot;:&quot;classic&quot;}\">\n\t\t\t<div class=\"elementor-widget-wrap elementor-element-populated\">\n\t\t\t\t\t<div class=\"elementor-background-overlay\"><\/div>\n\t\t\t\t\t\t<div class=\"elementor-element elementor-element-c90e2c8 animated-fast elementor-invisible elementor-widget elementor-widget-elementskit-heading\" data-id=\"c90e2c8\" data-element_type=\"widget\" data-settings=\"{&quot;_animation&quot;:&quot;fadeInUp&quot;}\" data-widget_type=\"elementskit-heading.default\">\n\t\t\t\t<div class=\"elementor-widget-container\">\n\t\t\t\t\t<div class=\"ekit-wid-con\" ><div class=\"ekit-heading elementskit-section-title-wraper text_left   ekit_heading_tablet-   ekit_heading_mobile-text_center\"><h3 class=\"ekit-heading--title elementskit-section-title \">Estamos prontos <br>para <span><span>seu pedido<\/span><\/span><\/h3><\/div><\/div>\t\t\t\t<\/div>\n\t\t\t\t<\/div>\n\t\t\t\t<div class=\"elementor-element elementor-element-f8052d0 elementor-widget elementor-widget-text-editor\" data-id=\"f8052d0\" data-element_type=\"widget\" data-widget_type=\"text-editor.default\">\n\t\t\t\t<div class=\"elementor-widget-container\">\n\t\t\t\t\t\t\t\t\t<p>Conte com a experi\u00eancia e expertise da MetalTork <br \/>para atingir as especifica\u00e7\u00f5es mais exigentes.<\/p>\t\t\t\t\t\t\t\t<\/div>\n\t\t\t\t<\/div>\n\t\t\t\t<div class=\"elementor-element elementor-element-4abd9af elementor-align-left elementor-mobile-align-center elementor-widget elementor-widget-button\" data-id=\"4abd9af\" data-element_type=\"widget\" data-widget_type=\"button.default\">\n\t\t\t\t<div class=\"elementor-widget-container\">\n\t\t\t\t\t\t\t\t\t<div class=\"elementor-button-wrapper\">\n\t\t\t\t\t<a class=\"elementor-button elementor-button-link elementor-size-lg elementor-animation-shrink\" href=\"https:\/\/metaltork.com.br\/novo\/contato\/\">\n\t\t\t\t\t\t<span class=\"elementor-button-content-wrapper\">\n\t\t\t\t\t\t<span class=\"elementor-button-icon\">\n\t\t\t\t<i aria-hidden=\"true\" class=\"fas fa-chevron-right\"><\/i>\t\t\t<\/span>\n\t\t\t\t\t\t\t\t\t<span class=\"elementor-button-text\">FA\u00c7A UM OR\u00c7AMENTO<\/span>\n\t\t\t\t\t<\/span>\n\t\t\t\t\t<\/a>\n\t\t\t\t<\/div>\n\t\t\t\t\t\t\t\t<\/div>\n\t\t\t\t<\/div>\n\t\t\t\t\t<\/div>\n\t\t<\/div>\n\t\t\t\t\t<\/div>\n\t\t<\/section>\n\t\t\t\t<\/div>\n\t\t","protected":false},"excerpt":{"rendered":"<p>Setores atendidos \u00e1reas de atua\u00e7\u00e3o Produtos para aplica\u00e7\u00e3o cr\u00edtica em diversos segmentos A Metaltork \u00e9 reconhecida como um dos principais fabricantes de parafusos e pe\u00e7as especiais de fixa\u00e7\u00e3o para aplica\u00e7\u00e3o cr\u00edtica em diversos segmentos.\u00a0 Linha completa para Setor de Minera\u00e7\u00e3o Linha completa para Agropecu\u00e1rio Linha completa para Ind\u00fastria em Geral Linha completa para \u00d4nibus e [&hellip;]<\/p>\n","protected":false},"author":1,"featured_media":0,"parent":0,"menu_order":0,"comment_status":"closed","ping_status":"closed","template":"","meta":{"footnotes":""},"class_list":["post-579","page","type-page","status-publish","hentry"],"_links":{"self":[{"href":"https:\/\/metaltork.com.br\/novo\/wp-json\/wp\/v2\/pages\/579","targetHints":{"allow":["GET"]}}],"collection":[{"href":"https:\/\/metaltork.com.br\/novo\/wp-json\/wp\/v2\/pages"}],"about":[{"href":"https:\/\/metaltork.com.br\/novo\/wp-json\/wp\/v2\/types\/page"}],"author":[{"embeddable":true,"href":"https:\/\/metaltork.com.br\/novo\/wp-json\/wp\/v2\/users\/1"}],"replies":[{"embeddable":true,"href":"https:\/\/metaltork.com.br\/novo\/wp-json\/wp\/v2\/comments?post=579"}],"version-history":[{"count":0,"href":"https:\/\/metaltork.com.br\/novo\/wp-json\/wp\/v2\/pages\/579\/revisions"}],"wp:attachment":[{"href":"https:\/\/metaltork.com.br\/novo\/wp-json\/wp\/v2\/media?parent=579"}],"curies":[{"name":"wp","href":"https:\/\/api.w.org\/{rel}","templated":true}]}}